{"id":174,"date":"2025-06-08T22:52:52","date_gmt":"2025-06-08T20:52:52","guid":{"rendered":"https:\/\/hippotigris.fr\/?page_id=174"},"modified":"2026-01-21T17:03:42","modified_gmt":"2026-01-21T16:03:42","slug":"ils-parlent-de-nous","status":"publish","type":"page","link":"https:\/\/hippotigris.fr\/index.php\/ils-parlent-de-nous\/","title":{"rendered":"Ils parlent de nous"},"content":{"rendered":"\n<p><strong>Intervention radio : ici Maine le 21 janvier 2026<\/strong><\/p>\n\n\n\n<p>A l&rsquo;occasion d&rsquo;une journ\u00e9e sp\u00e9ciale \u00e9ducation, Nicolas All\u00e8gre et H\u00e9l\u00e8ne Hom ont \u00e9t\u00e9 invit\u00e9s chez Ici Maine, vous pouvez r\u00e9\u00e9coutez l&rsquo;\u00e9mission en suivant ce lien : <\/p>\n\n\n\n<p><a href=\"https:\/\/www.radiofrance.fr\/francebleu\/podcasts\/bienvenue-chez-vous-votre-quotidien\/journee-speciale-education-au-mans-hippotigris-lutte-contre-le-decrochage-scolaire-3116670\">https:\/\/www.radiofrance.fr\/francebleu\/podcasts\/bienvenue-chez-vous-votre-quotidien\/journee-speciale-education-au-mans-hippotigris-lutte-contre-le-decrochage-scolaire-3116670<\/a><\/p>\n\n\n\n<figure class=\"wp-block-image size-full is-resized\"><img loading=\"lazy\" decoding=\"async\" width=\"150\" height=\"70\" src=\"https:\/\/hippotigris.fr\/wp-content\/uploads\/2026\/01\/image.png\" alt=\"\" class=\"wp-image-470\" style=\"width:150px;height:auto\"\/><\/figure>\n\n\n\n\n\n<figure class=\"wp-block-image size-large\"><img decoding=\"async\" src=\"https:\/\/hippotigris.fr\/wp-content\/uploads\/2025\/12\/Ouest-France-9-oct-2025-1024x690.jpg\" alt=\" octobre Article Ouest France du 9 octobre 2025\n\" class=\"wp-image-463\" style=\"aspect-ratio:14.575367647058824;object-fit:cover\"\/><\/figure>\n\n\n\n<p class=\"has-text-align-center\"><strong>Interview sur France 3, le 19 septembre 2025<\/strong><\/p>\n\n\n\n<figure class=\"wp-block-image size-full is-resized\"><img loading=\"lazy\" decoding=\"async\" width=\"193\" height=\"78\" src=\"https:\/\/hippotigris.fr\/wp-content\/uploads\/2025\/09\/image.png\" alt=\"\" class=\"wp-image-416\" style=\"width:189px;height:auto\"\/><\/figure>\n\n\n\n<p class=\"has-text-align-center\"><strong>Intervention sur France Bleu, le 4 septembre 2025<\/strong><\/p>\n\n\n\n<figure class=\"wp-block-image size-full is-resized\"><img loading=\"lazy\" decoding=\"async\" width=\"400\" height=\"400\" src=\"https:\/\/hippotigris.fr\/wp-content\/uploads\/2025\/09\/france-bleu.webp\" alt=\"\" class=\"wp-image-384\" style=\"width:110px;height:auto\" srcset=\"https:\/\/hippotigris.fr\/wp-content\/uploads\/2025\/09\/france-bleu.webp 400w, https:\/\/hippotigris.fr\/wp-content\/uploads\/2025\/09\/france-bleu-300x300.webp 300w, https:\/\/hippotigris.fr\/wp-content\/uploads\/2025\/09\/france-bleu-150x150.webp 150w\" sizes=\"auto, (max-width: 400px) 100vw, 400px\" \/><\/figure>\n\n\n\n<p><a href=\"https:\/\/www.francebleu.fr\/emissions\/bienvenue-chez-vous-votre-quotidien\/au-mans-l-association-hippotigris-accompagne-les-enfants-en-situation-de-phobie-scolaire-3595720\">https:\/\/www.francebleu.fr\/emissions\/bienvenue-chez-vous-votre-quotidien\/au-mans-l-association-hippotigris-accompagne-les-enfants-en-situation-de-phobie-scolaire-3595720<\/a><\/p>\n\n\n\n<p class=\"has-text-align-center\"><strong>Article du Maine Libre du 11 ao\u00fbt 2025<\/strong><\/p>\n\n\n\n<figure class=\"wp-block-image size-large\"><img loading=\"lazy\" decoding=\"async\" width=\"930\" height=\"1024\" src=\"https:\/\/hippotigris.fr\/wp-content\/uploads\/2025\/08\/article-du-Maine-Libre-08-2025_2-1-930x1024.jpg\" alt=\"\" class=\"wp-image-371\" srcset=\"https:\/\/hippotigris.fr\/wp-content\/uploads\/2025\/08\/article-du-Maine-Libre-08-2025_2-1-930x1024.jpg 930w, https:\/\/hippotigris.fr\/wp-content\/uploads\/2025\/08\/article-du-Maine-Libre-08-2025_2-1-272x300.jpg 272w, https:\/\/hippotigris.fr\/wp-content\/uploads\/2025\/08\/article-du-Maine-Libre-08-2025_2-1-768x846.jpg 768w, https:\/\/hippotigris.fr\/wp-content\/uploads\/2025\/08\/article-du-Maine-Libre-08-2025_2-1-1395x1536.jpg 1395w, https:\/\/hippotigris.fr\/wp-content\/uploads\/2025\/08\/article-du-Maine-Libre-08-2025_2-1.jpg 1436w\" sizes=\"auto, (max-width: 930px) 100vw, 930px\" \/><\/figure>\n\n\n\n<p><\/p>\n\n\n\n<p class=\"has-text-align-center\">Reportage sur M6, sur le Refus Scolaire Anxieux<\/p>\n\n\n\n<figure class=\"wp-block-embed is-type-video is-provider-youtube wp-block-embed-youtube wp-embed-aspect-4-3 wp-has-aspect-ratio\"><div class=\"wp-block-embed__wrapper\">\n<iframe loading=\"lazy\" title=\"Notre passage dans le 19\/45 sur la cha\u00eene M6        &quot;La phobie scolaire&quot;\" width=\"1200\" height=\"900\" src=\"https:\/\/www.youtube.com\/embed\/fE60tOzvEpM?feature=oembed\" frameborder=\"0\" allow=\"accelerometer; autoplay; clipboard-write; encrypted-media; gyroscope; picture-in-picture; web-share\" referrerpolicy=\"strict-origin-when-cross-origin\" allowfullscreen><\/iframe>\n<\/div><\/figure>\n\n\n\n<h1 class=\"wp-block-heading\" id=\"MainContent\">Au Mans, l&rsquo;association Hippotigris lutte contre la phobie scolaire<\/h1>\n\n\n\n<!--nextpage-->\n\n\n\n<figure class=\"wp-block-image size-full is-resized\"><img loading=\"lazy\" decoding=\"async\" width=\"161\" height=\"87\" src=\"https:\/\/hippotigris.fr\/wp-content\/uploads\/2025\/06\/image.png\" alt=\"\" class=\"wp-image-175\" style=\"width:76px;height:auto\"\/><\/figure>\n\n\n\n<figure class=\"wp-block-image\"><img decoding=\"async\" src=\"https:\/\/www.francebleu.fr\/s3\/cruiser-production\/2021\/05\/e230ea1d-4bd5-4ae3-9b4b-e0f91a660d34\/1200x680_186918455_1056101871585892_5649330022695297359_n.jpg\" alt=\"illustration agrandir l'image\"\/><figcaption class=\"wp-element-caption\">L&rsquo;association Hippotigris a accompagn\u00e9 une trentaine d&rsquo;adolescents \u00e0 sortir de la phobie scolaire depuis le mois de septembre. \u00a9 Radio France &#8211; Jean Rinaud<\/figcaption><\/figure>\n\n\n\n<figure class=\"wp-block-image\"><img decoding=\"async\" src=\"https:\/\/www.francebleu.fr\/s3\/cruiser-production-eu3\/2023\/10\/64f6b6fb-1f2d-4e8d-9022-66d21fbef634\/400x400_sc_jean_rinaud_1_0.jpg\" alt=\"\"\/><\/figure>\n\n\n\n<p><a href=\"https:\/\/www.francebleu.fr\/les-equipes\/jean-rinaud\">Jean Rinaud<\/a><\/p>\n\n\n\n<p>Publi\u00e9 le&nbsp;dimanche 16 mai 2021 \u00e0 19:51<\/p>\n\n\n\n<p>Cr\u00e9\u00e9e en septembre 2020, l&rsquo;association Hippotigris encadre des jeunes de la sixi\u00e8me \u00e0 la terminale qui n&rsquo;arrivent plus \u00e0 revenir dans le parcours scolaire. Un accueil de jour est propos\u00e9 quatre fois par semaine avec des activit\u00e9s cr\u00e9atives pour redonner go\u00fbt et motivation aux adolescents.<\/p>\n\n\n\n<p>C&rsquo;est dans un petit appartement d&rsquo;une r\u00e9sidence proche du Centre Hospitalier du Mans que s&rsquo;est install\u00e9e l&rsquo;association Hippotigris. Fond\u00e9e par Sol\u00e8ne Vigneron,&nbsp;<strong>la structure accompagne depuis septembre 2020 des adolescents de la sixi\u00e8me \u00e0 la terminale atteints de phobie scolaire<\/strong>&nbsp;en leur proposant des activit\u00e9s cr\u00e9atives pour leur redonner go\u00fbt au travail et les sortir de l&rsquo;isolement.&nbsp;<\/p>\n\n\n\n<p><a href=\"https:\/\/www.francebleu.fr\/infos\/societe\/au-mans-l-association-hippotigris-lutte-contre-la-phobie-scolaire-1621187254#inread-after-sad\">Passer la publicit\u00e9<\/a>\u24d8<\/p>\n\n\n\n<p>Publicit\u00e9<\/p>\n\n\n\n<p><img loading=\"lazy\" decoding=\"async\" alt=\"\" src=\"https:\/\/www.francebleu.fr\/client\/immutable\/assets\/logo-ici-sad.C8Ts0-h1.svg\" width=\"50\" height=\"41\"><\/p>\n\n\n\n<p><a href=\"https:\/\/www.francebleu.fr\/infos\/societe\/au-mans-l-association-hippotigris-lutte-contre-la-phobie-scolaire-1621187254#inread-before-sad\">Revenir avant la publicit\u00e9<\/a><\/p>\n\n\n\n<p>Une d\u00e9marche port\u00e9e par la pr\u00e9sidente de l&rsquo;association Sol\u00e8ne Vigneron&nbsp;: \u00ab\u00a0<em>On veut offrir une solution du quotidien pour l&rsquo;adolescent d\u00e9scolaris\u00e9 en compl\u00e9ment des prises en charge th\u00e9rapeutiques et m\u00e9dicales. Ici il va se resociabiliser et reprendre confiance en lui \u00e0 travers des projets concrets<\/em>\u00ab\u00a0.&nbsp;<\/p>\n\n\n\n<blockquote class=\"wp-block-quote is-layout-flow wp-block-quote-is-layout-flow\">\n<p>Il faut rappeler que l&rsquo;enfant qui est en situation de phobie scolaire a envie d&rsquo;aller \u00e0 l&rsquo;\u00e9cole, mais il ne peut pas. Les angoisses sont tellement importantes que \u00e7a le bloque.&nbsp;<\/p>\n<\/blockquote>\n\n\n\n<h2 class=\"wp-block-heading\">Seulement quatre structures de ce type en France&nbsp;<\/h2>\n\n\n\n<p>L&rsquo;association Hippotigris propose un accueil de jour pour les adolescents \u00e0 hauteur de quatre fois par semaine ainsi que des groupes de parole et des entretiens t\u00e9l\u00e9phoniques pour les parents. En France, il n&rsquo;existe que trois autres structures du m\u00eame type.&nbsp;<strong>Depuis septembre dernier, une trentaine d&rsquo;adolescents ont \u00e9t\u00e9 pris en charge par l&rsquo;association mancelle<\/strong>. Avec l&rsquo;aide de professionnels et b\u00e9n\u00e9voles, plusieurs projets ont \u00e9t\u00e9 men\u00e9s par les adolescents comme l&rsquo;\u00e9criture d&rsquo;un livre pour enfant, la cr\u00e9ation d&rsquo;un clip musical ou encore l&rsquo;initiation \u00e0 la boxe \u00e9ducative.&nbsp;<\/p>\n\n\n\n<p><em>\u00ab\u00a0On tient \u00e0 responsabiliser les jeunes mais surtout \u00e0 leur montrer qu&rsquo;ils sont capable de porter un projet jusqu&rsquo;au bout et \u00e7a, c&rsquo;est le plus important. Par exemple, un groupe travaille sur la r\u00e9alisation d&rsquo;un livre de jeunesse et l&rsquo;objectif, ce serait de le publier<\/em>\u00ab\u00a0, explique Magalie Greffier, \u00e9ducatrice sp\u00e9cialis\u00e9e.&nbsp;<\/p>\n\n\n\n<h2 class=\"wp-block-heading\">\u00ab\u00a0Ici c&rsquo;est comme une petite famille\u00a0\u00bb<\/h2>\n\n\n\n<p>Fanny, 15 ans, fait partie des 15 adolescents actuellement suivis par l&rsquo;association Hippotigris. Elle est en d\u00e9crochage scolaire depuis un an, mais au sein de la structure, elle retrouve petit \u00e0 petit go\u00fbt \u00e0 l&rsquo;apprentissage.&nbsp;<\/p>\n\n\n\n<blockquote class=\"wp-block-quote is-layout-flow wp-block-quote-is-layout-flow\">\n<p>C&rsquo;est dur de se relancer dans le travail quand on a compl\u00e8tement d\u00e9croch\u00e9 donc se relancer avec l&rsquo;association \u00e7a permet de voir que je ne suis pas toute seule. En plus ici on ne me juge pas donc c&rsquo;est comme une petite famille.<\/p>\n<\/blockquote>\n\n\n\n<p>Une association payante qui a lanc\u00e9 le 3 mai dernier une&nbsp;<a target=\"_blank\" rel=\"noreferrer noopener\" href=\"https:\/\/www.helloasso.com\/associations\/hippotgris\/collectes\/offrez-des-journees-d-accueil-1?fbclid=IwAR2zz_8zmLXdv2H8S-Bs2BmbabA4dz6kRsbdOnnEhXjtMb2ixVMeL4gJ5ls\">campagne de financement participatif<\/a>&nbsp;pour aider les familles adh\u00e9rentes en difficult\u00e9s financi\u00e8res.&nbsp;<\/p>\n\n\n\n<!--nextpage-->\n\n\n\n<h2 class=\"wp-block-heading\"><strong>Yvr\u00e9-l&rsquo;\u00c9v\u00eaque. Des outils pour le harcel\u00e9 et le harceleur<\/strong><\/h2>\n\n\n<div class=\"wp-block-image\">\n<figure class=\"aligncenter size-full\"><img loading=\"lazy\" decoding=\"async\" width=\"454\" height=\"283\" src=\"https:\/\/hippotigris.fr\/wp-content\/uploads\/2025\/06\/conference-yvre-leveque-2.jpg\" alt=\"\" class=\"wp-image-331\" srcset=\"https:\/\/hippotigris.fr\/wp-content\/uploads\/2025\/06\/conference-yvre-leveque-2.jpg 454w, https:\/\/hippotigris.fr\/wp-content\/uploads\/2025\/06\/conference-yvre-leveque-2-300x187.jpg 300w\" sizes=\"auto, (max-width: 454px) 100vw, 454px\" \/><figcaption class=\"wp-element-caption\">Nicolas All\u00e8gre, H\u00e9l\u00e8ne Hom et Sol\u00e8ne Vigneron, intervenants form\u00e9s pour un accompagnement socio-\u00e9ducatif aupr\u00e8s des jeunes. |&nbsp;MAINE LIBRE<br><a href=\"https:\/\/www.ouest-france.fr\/le-maine-libre\/\">Le Maine Libre<\/a><br>Publi\u00e9 le&nbsp;07\/04\/2024&nbsp;\u00e0 05h05<\/figcaption><\/figure>\n<\/div>\n\n\n<p>Le service enfance de la commune organisait une conf\u00e9rence sur le th\u00e8me \u00ab&nbsp;Harc\u00e8lement, cyberharc\u00e8lement&nbsp;: nous parents, que pouvons-nous faire&nbsp;?&nbsp;\u00bb, ce mercredi.<\/p>\n\n\n\n<p>\u00ab&nbsp;<em>Cette conf\u00e9rence est \u00e0 destination des adultes, ax\u00e9e sur la posture et l\u2019accompagnement qu\u2019ils pourraient envisager aupr\u00e8s des enfants et\/ou ados harcel\u00e9s ou harceleurs&nbsp;\u00bb<\/em>&nbsp;\u00e9tait-il expliqu\u00e9. Anim\u00e9e par Hippotigris, association qui est principalement un lieu d\u2019accueil, de ressources et d\u2019accompagnement pour les jeunes en rupture scolaire (phobie scolaire, harc\u00e8lement, d\u00e9crochage, mal-\u00eatre \u00e0 l\u2019\u00e9cole), trois intervenants de l\u2019association apportaient des outils aux parents&nbsp;: Sol\u00e8ne Vigneron pr\u00e9sidente, Nicolas All\u00e8gre accompagnant \u00e9ducatif et social, et H\u00e9l\u00e8ne Hom b\u00e9n\u00e9vole. \u00ab<em>&nbsp;En 2023, nous avons accompagn\u00e9 32&nbsp;jeunes et leurs familles. Un \u00e9l\u00e8ve sur dix&nbsp;est victime de harc\u00e8lement, et un sur deux de cyberharc\u00e8lement&nbsp;\u00bb,&nbsp;<\/em>d\u00e9clarait Sol\u00e8ne Vigneron.<em>&nbsp;\u00ab&nbsp;D\u00e9voiler une situation de harc\u00e8lement peut prendre des semaines. C\u2019est un long cheminement. L\u2019enfant harcel\u00e9 veut prot\u00e9ger sa famille et \u00e9viter d\u2019\u00e9ventuelles repr\u00e9sailles&nbsp;\u00bb.<\/em><\/p>\n\n\n\n<h2 class=\"wp-block-heading\"><strong><em>\u00ab&nbsp;\u00catre parent d\u2019un enfant harceleur&nbsp;\u00bb<\/em><\/strong><\/h2>\n\n\n\n<p>La question \u00e9tait pos\u00e9e. Difficile d\u2019avoir cette position. \u00ab<em>&nbsp;Il y a aussi un besoin de soutien psychologique pour comprendre ses relations aux autres&nbsp;\u00bb<\/em>, \u00e9tait-il assur\u00e9. Sans le nommer \u00ab&nbsp;harceleur&nbsp;\u00bb, proposer un \u00e9change sur l\u2019empathie&nbsp;: \u00ab<em>&nbsp;Un tel est harcel\u00e9&nbsp;? Est-ce que toi tu aimerais cela&nbsp;? Qu\u2019est-ce qu\u2019on peut faire&nbsp;? Souvent le harceleur est pr\u00eat \u00e0 aider&nbsp;\u00bb<\/em>, \u00ab<em>&nbsp;Le harceleur n\u2019a pas toujours conscience du mal qu\u2019il fait<\/em>.&nbsp;<em>Il est souvent le meilleur ami de l\u2019enfant harcel\u00e9. Et l\u2019effet de groupe maintien cela car il y a les harceleurs passifs&nbsp;\u00bb<\/em>, souligne Sol\u00e8ne Vigneron. \u00ab<em>&nbsp;Des cadres doivent \u00eatre pos\u00e9s et il ne faut pas avoir peur de devenir un \u00ab&nbsp;parent m\u00e9chant&nbsp;\u00bb, celui qui pose des limites pour les r\u00e9seaux sociaux&nbsp;\u00bb<\/em>.<\/p>\n\n\n\n<div class=\"wp-block-group is-nowrap is-layout-flex wp-container-core-group-is-layout-ad2f72ca wp-block-group-is-layout-flex\">\n<p>L\u2019accent \u00e9tait mis sur les attitudes \u00e0 adopter et les phases \u00e0 \u00e9viter. Il \u00e9tait rappel\u00e9 la loi (le harc\u00e8lement est un d\u00e9lit)&nbsp;: Est consid\u00e9r\u00e9 harc\u00e8lement si des incidents se produisent trois fois, et cyberharc\u00e8lement pour une seule fois. \u00ab<em>&nbsp;On ne r\u00e9pond pas aux commentaires, on fait des captures d\u2019\u00e9cran, parler \u00e0 un tiers de confiance, verrouiller les comptes de r\u00e9seaux sociaux, d\u00e9poser plainte, signaler les faits sur la plateforme d\u00e9di\u00e9e du minist\u00e8re de l\u2019Int\u00e9rieur (internet-signalemeent.gouv.fr ou 3018)&nbsp;\u00bb<\/em>, d\u00e9clarait la pr\u00e9sidente.<\/p>\n<\/div>\n\n\n\n<h2 class=\"wp-block-heading\"><em>Une formation pour le personnel<\/em><\/h2>\n\n\n\n<p>L\u2019association est intervenue aupr\u00e8s du personnel de la p\u00e9riscolaire, de la restauration scolaire\u2026 de la commune d\u2019Yvr\u00e9-l\u2019Ev\u00eaque sur ce sujet. Il est \u00e9galement dans le programme des enseignants qui sont initi\u00e9s aux dangers d\u2019internet. Enfin, il est un outil \u00e0 recommander pour prot\u00e9ger l\u2019enfant des autres et de lui-m\u00eame&nbsp;: le contr\u00f4le parental.&nbsp;<em>\u00ab&nbsp;L\u2019\u00e2ge l\u00e9gal d\u2019acc\u00e8s aux r\u00e9seaux sociaux est fix\u00e9 \u00e0 15&nbsp;ans, sauf autorisation des parents&nbsp;\u00bb.<\/em><\/p>\n\n\n\n<p>Contact&nbsp;: 06-33-43-68-26 ou <a href=\"mailto:hippotigris72@gmail.com\">hippotigris72@gmail.com<\/a><\/p>\n\n\n\n<p><\/p>\n","protected":false},"excerpt":{"rendered":"<p>Intervention radio : ici Maine le 21 janvier 2026 A l&rsquo;occasion d&rsquo;une journ\u00e9e sp\u00e9ciale \u00e9ducation, Nicolas All\u00e8gre et H\u00e9l\u00e8ne Hom ont \u00e9t\u00e9 invit\u00e9s chez Ici Maine, vous pouvez r\u00e9\u00e9coutez l&rsquo;\u00e9mission en suivant ce lien : https:\/\/www.radiofrance.fr\/francebleu\/podcasts\/bienvenue-chez-vous-votre-quotidien\/journee-speciale-education-au-mans-hippotigris-lutte-contre-le-decrochage-scolaire-3116670 Interview sur France 3, le 19 septembre 2025 Intervention sur France Bleu, le 4 septembre 2025 https:\/\/www.francebleu.fr\/emissions\/bienvenue-chez-vous-votre-quotidien\/au-mans-l-association-hippotigris-accompagne-les-enfants-en-situation-de-phobie-scolaire-3595720 Article du &#8230; <a title=\"Ils parlent de nous\" class=\"read-more\" href=\"https:\/\/hippotigris.fr\/index.php\/ils-parlent-de-nous\/\" aria-label=\"En savoir plus sur Ils parlent de nous\">Lire la suite<\/a><\/p>\n","protected":false},"author":1,"featured_media":0,"parent":0,"menu_order":0,"comment_status":"closed","ping_status":"closed","template":"","meta":{"footnotes":""},"class_list":["post-174","page","type-page","status-publish"],"_links":{"self":[{"href":"https:\/\/hippotigris.fr\/index.php\/wp-json\/wp\/v2\/pages\/174","targetHints":{"allow":["GET"]}}],"collection":[{"href":"https:\/\/hippotigris.fr\/index.php\/wp-json\/wp\/v2\/pages"}],"about":[{"href":"https:\/\/hippotigris.fr\/index.php\/wp-json\/wp\/v2\/types\/page"}],"author":[{"embeddable":true,"href":"https:\/\/hippotigris.fr\/index.php\/wp-json\/wp\/v2\/users\/1"}],"replies":[{"embeddable":true,"href":"https:\/\/hippotigris.fr\/index.php\/wp-json\/wp\/v2\/comments?post=174"}],"version-history":[{"count":21,"href":"https:\/\/hippotigris.fr\/index.php\/wp-json\/wp\/v2\/pages\/174\/revisions"}],"predecessor-version":[{"id":475,"href":"https:\/\/hippotigris.fr\/index.php\/wp-json\/wp\/v2\/pages\/174\/revisions\/475"}],"wp:attachment":[{"href":"https:\/\/hippotigris.fr\/index.php\/wp-json\/wp\/v2\/media?parent=174"}],"curies":[{"name":"wp","href":"https:\/\/api.w.org\/{rel}","templated":true}]}}