{"id":345,"date":"2025-06-27T16:04:26","date_gmt":"2025-06-27T14:04:26","guid":{"rendered":"https:\/\/hippotigris.fr\/?page_id=345"},"modified":"2025-06-27T16:04:26","modified_gmt":"2025-06-27T14:04:26","slug":"venez-vous-informer","status":"publish","type":"page","link":"https:\/\/hippotigris.fr\/index.php\/venez-vous-informer\/","title":{"rendered":"Venez vous informer !"},"content":{"rendered":"\n<p><\/p>\n\n\n\n<p><strong>Nos conf\u00e9rences<\/strong><\/p>\n\n\n\n<p>L\u2019association Hippotigris s\u2019engage activement dans la pr\u00e9vention du harc\u00e8lement scolaire et l\u2019accompagnement face au refus scolaire anxieux, deux probl\u00e9matiques \u00e9troitement li\u00e9es qui touchent un nombre croissant de jeunes. Pour r\u00e9pondre \u00e0 ces enjeux, nous proposons tout au long de l\u2019ann\u00e9e des conf\u00e9rences et des actions de sensibilisation destin\u00e9es \u00e0 la fois aux usagers (jeunes, familles) et aux professionnels encadrant des enfants et adolescents.<\/p>\n\n\n\n<p>Harc\u00e8lement scolaire et refus scolaire anxieux : de quoi parle-t-on ?<\/p>\n\n\n\n<p>Le harc\u00e8lement scolaire peut prendre diff\u00e9rentes formes \u2013 moqueries, humiliations, violences verbales ou physiques, cyberharc\u00e8lement \u2013 et affecte profond\u00e9ment la sant\u00e9 mentale et l\u2019estime de soi des jeunes. Il constitue l\u2019un des principaux facteurs de refus scolaire anxieux, un trouble psychologique qui se manifeste par une peur intense de se rendre \u00e0 l\u2019\u00e9cole, pouvant entra\u00eener un isolement progressif et un d\u00e9crochage scolaire.<\/p>\n\n\n\n<p>Ces situations exigent une r\u00e9ponse adapt\u00e9e, humaine et coordonn\u00e9e. C\u2019est dans cette optique que s\u2019inscrit l\u2019action d\u2019Hippotigris.<\/p>\n\n\n\n<p>Nos interventions : informer pour mieux prot\u00e9ger<\/p>\n\n\n\n<p>L\u2019association Hippotigris con\u00e7oit et anime des conf\u00e9rences et ateliers de sensibilisation adapt\u00e9s \u00e0 diff\u00e9rents publics :<\/p>\n\n\n\n<ul class=\"wp-block-list\">\n<li>Professionnels de l\u2019enfance et de la jeunesse (personnels p\u00e9riscolaires, animateurs, \u00e9ducateurs, enseignants, assistants sociaux, etc.)<\/li>\n\n\n\n<li>Familles et proches confront\u00e9s \u00e0 ces probl\u00e9matiques<\/li>\n\n\n\n<li>Jeunes eux-m\u00eames, pour les aider \u00e0 comprendre, \u00e0 parler, \u00e0 demander de l\u2019aide<\/li>\n<\/ul>\n\n\n\n<p>Nos interventions visent \u00e0 :<\/p>\n\n\n\n<ul class=\"wp-block-list\">\n<li>Expliquer les m\u00e9canismes du harc\u00e8lement et du refus scolaire anxieux<\/li>\n\n\n\n<li>Identifier les signes d\u2019alerte<\/li>\n\n\n\n<li>Expliquer les m\u00e9canismes du harc\u00e8lement et du refus scolaire anxieux<\/li>\n\n\n\n<li>Identifier les signes d\u2019alerte<\/li>\n\n\n\n<li>Proposer des outils concrets pour r\u00e9agir de mani\u00e8re appropri\u00e9e<\/li>\n\n\n\n<li>Favoriser la mise en place de relais et de parcours de soutien<\/li>\n<\/ul>\n\n\n\n<p>Une approche accessible et ancr\u00e9e dans le r\u00e9el<\/p>\n\n\n\n<p>Toutes nos actions sont pens\u00e9es pour s\u2019adapter au terrain. Elles reposent sur une approche participative, nourrie d\u2019exemples concrets, de mises en situation, de ressources pratiques et de temps d\u2019\u00e9change.<\/p>\n\n\n\n<p><strong>Notre objectif<\/strong> : outiller chacun pour devenir un acteur de pr\u00e9vention, capable de rep\u00e9rer, d\u2019\u00e9couter, de soutenir, et d\u2019orienter.<\/p>\n\n\n\n<p>Vous souhaitez organiser une intervention Hippotigris ?<\/p>\n\n\n\n<p>Que vous soyez une structure \u00e9ducative, une collectivit\u00e9, une association, un \u00e9tablissement scolaire ou un centre de loisirs, nous pouvons vous accompagner.<\/p>\n\n\n\n<p>Si vous souhaitez planifier une conf\u00e9rence ou une soir\u00e9e-d\u00e9bat, contactez-nous au num\u00e9ro suivant : <strong>09.82.22.15.52 <\/strong>ou \u00e0 l\u2019adresse<strong>&nbsp;: hippotigris72@gmail.com<\/strong><\/p>\n","protected":false},"excerpt":{"rendered":"<p>Nos conf\u00e9rences L\u2019association Hippotigris s\u2019engage activement dans la pr\u00e9vention du harc\u00e8lement scolaire et l\u2019accompagnement face au refus scolaire anxieux, deux probl\u00e9matiques \u00e9troitement li\u00e9es qui touchent un nombre croissant de jeunes. Pour r\u00e9pondre \u00e0 ces enjeux, nous proposons tout au long de l\u2019ann\u00e9e des conf\u00e9rences et des actions de sensibilisation destin\u00e9es \u00e0 la fois aux usagers &#8230; <a title=\"Venez vous informer !\" class=\"read-more\" href=\"https:\/\/hippotigris.fr\/index.php\/venez-vous-informer\/\" aria-label=\"En savoir plus sur Venez vous informer !\">Lire la suite<\/a><\/p>\n","protected":false},"author":1,"featured_media":0,"parent":0,"menu_order":0,"comment_status":"closed","ping_status":"closed","template":"","meta":{"footnotes":""},"class_list":["post-345","page","type-page","status-publish"],"_links":{"self":[{"href":"https:\/\/hippotigris.fr\/index.php\/wp-json\/wp\/v2\/pages\/345","targetHints":{"allow":["GET"]}}],"collection":[{"href":"https:\/\/hippotigris.fr\/index.php\/wp-json\/wp\/v2\/pages"}],"about":[{"href":"https:\/\/hippotigris.fr\/index.php\/wp-json\/wp\/v2\/types\/page"}],"author":[{"embeddable":true,"href":"https:\/\/hippotigris.fr\/index.php\/wp-json\/wp\/v2\/users\/1"}],"replies":[{"embeddable":true,"href":"https:\/\/hippotigris.fr\/index.php\/wp-json\/wp\/v2\/comments?post=345"}],"version-history":[{"count":1,"href":"https:\/\/hippotigris.fr\/index.php\/wp-json\/wp\/v2\/pages\/345\/revisions"}],"predecessor-version":[{"id":346,"href":"https:\/\/hippotigris.fr\/index.php\/wp-json\/wp\/v2\/pages\/345\/revisions\/346"}],"wp:attachment":[{"href":"https:\/\/hippotigris.fr\/index.php\/wp-json\/wp\/v2\/media?parent=345"}],"curies":[{"name":"wp","href":"https:\/\/api.w.org\/{rel}","templated":true}]}}