{"id":80,"date":"2025-04-05T18:28:15","date_gmt":"2025-04-05T16:28:15","guid":{"rendered":"https:\/\/hippotigris.fr\/?page_id=80"},"modified":"2025-06-27T12:45:02","modified_gmt":"2025-06-27T10:45:02","slug":"temoignages","status":"publish","type":"page","link":"https:\/\/hippotigris.fr\/index.php\/temoignages\/","title":{"rendered":"T\u00e9moignages"},"content":{"rendered":"\n<figure class=\"wp-block-embed is-type-video is-provider-youtube wp-block-embed-youtube wp-embed-aspect-4-3 wp-has-aspect-ratio\"><div class=\"wp-block-embed__wrapper\">\n<iframe loading=\"lazy\" title=\"Notre passage dans le 19\/45 sur la cha\u00eene M6        &quot;La phobie scolaire&quot;\" width=\"1200\" height=\"900\" src=\"https:\/\/www.youtube.com\/embed\/fE60tOzvEpM?feature=oembed\" frameborder=\"0\" allow=\"accelerometer; autoplay; clipboard-write; encrypted-media; gyroscope; picture-in-picture; web-share\" referrerpolicy=\"strict-origin-when-cross-origin\" allowfullscreen><\/iframe>\n<\/div><\/figure>\n\n\n\n<p>Dans cette vid\u00e9o vous entendrez le t\u00e9moignage de deux adolescents accueillis par l&rsquo;association :<\/p>\n\n\n\n<figure class=\"wp-block-embed is-type-video is-provider-youtube wp-block-embed-youtube wp-embed-aspect-16-9 wp-has-aspect-ratio\"><div class=\"wp-block-embed__wrapper\">\n<iframe loading=\"lazy\" title=\"Vid\u00e9o t\u00e9moignages\" width=\"1200\" height=\"675\" src=\"https:\/\/www.youtube.com\/embed\/EsP631VdMlU?feature=oembed\" frameborder=\"0\" allow=\"accelerometer; autoplay; clipboard-write; encrypted-media; gyroscope; picture-in-picture; web-share\" referrerpolicy=\"strict-origin-when-cross-origin\" allowfullscreen><\/iframe>\n<\/div><\/figure>\n\n\n\n<p><\/p>\n\n\n\n<p><\/p>\n\n\n\n<p><\/p>\n\n\n\n<p>T\u00e9moignage de parents : <\/p>\n\n\n\n<figure class=\"wp-block-image size-full\"><img loading=\"lazy\" decoding=\"async\" width=\"1366\" height=\"2304\" src=\"https:\/\/hippotigris.fr\/wp-content\/uploads\/2025\/06\/PAGE-TEMOIGNAGE.jpg\" alt=\"\" class=\"wp-image-266\" srcset=\"https:\/\/hippotigris.fr\/wp-content\/uploads\/2025\/06\/PAGE-TEMOIGNAGE.jpg 1366w, https:\/\/hippotigris.fr\/wp-content\/uploads\/2025\/06\/PAGE-TEMOIGNAGE-178x300.jpg 178w, https:\/\/hippotigris.fr\/wp-content\/uploads\/2025\/06\/PAGE-TEMOIGNAGE-607x1024.jpg 607w, https:\/\/hippotigris.fr\/wp-content\/uploads\/2025\/06\/PAGE-TEMOIGNAGE-768x1295.jpg 768w, https:\/\/hippotigris.fr\/wp-content\/uploads\/2025\/06\/PAGE-TEMOIGNAGE-911x1536.jpg 911w, https:\/\/hippotigris.fr\/wp-content\/uploads\/2025\/06\/PAGE-TEMOIGNAGE-1214x2048.jpg 1214w\" sizes=\"auto, (max-width: 1366px) 100vw, 1366px\" \/><\/figure>\n\n\n\n<p><\/p>\n","protected":false},"excerpt":{"rendered":"<p>Dans cette vid\u00e9o vous entendrez le t\u00e9moignage de deux adolescents accueillis par l&rsquo;association : T\u00e9moignage de parents :<\/p>\n","protected":false},"author":1,"featured_media":0,"parent":0,"menu_order":0,"comment_status":"closed","ping_status":"closed","template":"","meta":{"footnotes":""},"class_list":["post-80","page","type-page","status-publish"],"_links":{"self":[{"href":"https:\/\/hippotigris.fr\/index.php\/wp-json\/wp\/v2\/pages\/80","targetHints":{"allow":["GET"]}}],"collection":[{"href":"https:\/\/hippotigris.fr\/index.php\/wp-json\/wp\/v2\/pages"}],"about":[{"href":"https:\/\/hippotigris.fr\/index.php\/wp-json\/wp\/v2\/types\/page"}],"author":[{"embeddable":true,"href":"https:\/\/hippotigris.fr\/index.php\/wp-json\/wp\/v2\/users\/1"}],"replies":[{"embeddable":true,"href":"https:\/\/hippotigris.fr\/index.php\/wp-json\/wp\/v2\/comments?post=80"}],"version-history":[{"count":13,"href":"https:\/\/hippotigris.fr\/index.php\/wp-json\/wp\/v2\/pages\/80\/revisions"}],"predecessor-version":[{"id":343,"href":"https:\/\/hippotigris.fr\/index.php\/wp-json\/wp\/v2\/pages\/80\/revisions\/343"}],"wp:attachment":[{"href":"https:\/\/hippotigris.fr\/index.php\/wp-json\/wp\/v2\/media?parent=80"}],"curies":[{"name":"wp","href":"https:\/\/api.w.org\/{rel}","templated":true}]}}